{"id":2379,"date":"2019-10-10T18:55:36","date_gmt":"2019-10-10T15:55:36","guid":{"rendered":"http:\/\/visittalsi.com\/sakums\/"},"modified":"2026-03-31T16:55:09","modified_gmt":"2026-03-31T13:55:09","slug":"home","status":"publish","type":"page","link":"https:\/\/visittalsi.com\/lt\/","title":{"rendered":"Home"},"content":{"rendered":"\n<section data-type=\"visittalsi\" class=\"hero-cards\">\n    <div class=\"container p-0\">\n        <div class=\"row\">\n            <h2 class=\"col-12\">Pajusk gamt\u0105, apkabink kult\u016br\u0105<\/h2>\n                        <div class=\"frontpage-about\">\n\t            <div class=\"line\"><\/div>\n\t            <p>Paslaptingoji \u0160iaur\u0117s Kur\u017eeme \u2013 tai unikalus turizmui Tals\u0173 rajonas, kur\u012f verta atrasti! Rajonas, kuriame Baltijos j\u016bra vadinama Di\u017ej\u016br\u0117, o Rygos \u012flanka \u2013 Mazj\u016br\u0117, su prie\u0161v\u0117jais ir spindin\u010diais saul\u0117lyd\u017eiais <a href=\"https:\/\/visittalsi.com\/lt\/kurp-doties\/cape-kolka\/\">Kolkos rage<\/a>, su lyvi\u0173 \u017evej\u0173 kaimais ir u\u017era\u0161ais lyvi\u0173 kalba Kolkoje, su i\u0161kilaus vyro Kri\u0161j\u0101nio Valdem\u0101ro gimtuoju <a href=\"https:\/\/visittalsi.com\/lt\/where-to-go-lt\/valdemarpils-lt\/\">Valdemarpiliu<\/a> ir Kur\u017eem\u0117s senosios laiv\u0173 statybos istorija Rojaus muziejuje, su kompozitoriaus Ludvigo van Bethoveno draugo Karlo Amendo atminimo vieta \u0160k\u0117d\u0117je, su vynuogynais Sabil\u0117je, su gra\u017eiu devyni\u0173 kalv\u0173 miestu \u2013 Talsais, nustebins kiekvien\u0105 keliautoj\u0105, suteikdamas galimyb\u0119 pa\u017einti \u012fvairi\u0105 gamt\u0105, pilis ir dvarus, u\u017ekopti \u012f \u0160l\u012bter\u0117s ir M\u0113rsrago \u0161vyturius, su\u017einoti krokodil\u0173 med\u017eiotojo Dand\u017eio ir \u017daliosios mergel\u0117s legendas Dundagoje, pasinerti \u012f romanti\u0161k\u0105 poils\u012f svetinguose nakvyn\u0117s namuose prie j\u016bros, paragauti sklandrau\u0161i\u0173 ir r\u016bkyt\u0173 plek\u0161ni\u0173.<\/p>\n<p>Talsai yra rajono centras, su bendru rajono plotu \u2013 2750,8 kvadratiniai kilometrai, 95 km ilgio Baltijos j\u016bros pakrante.<\/p>\n<p><a href=\"http:\/\/chrome-extension:\/\/efaidnbmnnnibpcajpcglclefindmkaj\/https:\/\/visittalsi.com\/wp-content\/uploads\/2024\/05\/Talsu_novada-karte.pdf\">Tals\u0173 rajono \u017eem\u0117lapis pasiekiamas \u010dia.<\/a><\/p>\n            <\/div>\n                        \n                    <div class=\"category-wide col-12 col-md-8\">\n                                                <a data-type=\"hero\"\n                           class=\"card card-hero size-\"\n                           target=\"_self\"\n                           href=\"https:\/\/visittalsi.com\/lt\/where-to-go-lt\/talsi-lt\">\n\n                                                        <figure class=\"lazyload lazy entered loaded\"\n                                    style=\"background-image: url(https:\/\/visittalsi.com\/wp-content\/uploads\/2026\/03\/Talsi-26.03-770x385.jpeg);\"\n                                    data-ll-status=\"loaded\"\n                                    data-was-processed=\"true\"><\/figure>\n                                                        <h4 class=\"entry-title card-title\">\n                                Talsi                                <span class=\"icon--arrow-next\">\u2192<\/span>\n                            <\/h4>\n                        <\/a>\n                                            <\/div>\n\n            \n                    <div class=\"category-square col-6 col-md-4\">\n                                                <a data-type=\"hero\"\n                           class=\"card card-hero size-\"\n                           target=\"_self\"\n                           href=\"https:\/\/visittalsi.com\/lt\/where-to-go-lt\/sabile-lt\">\n\n                                                        <figure class=\"lazyload lazy entered loaded\"\n                                    style=\"background-image: url(https:\/\/visittalsi.com\/wp-content\/uploads\/2026\/03\/Sabile-pavasaris-380x380.jpeg);\"\n                                    data-ll-status=\"loaded\"\n                                    data-was-processed=\"true\"><\/figure>\n                                                        <h4 class=\"entry-title card-title\">\n                                Sabile                                <span class=\"icon--arrow-next\">\u2192<\/span>\n                            <\/h4>\n                        <\/a>\n                                            <\/div>\n\n            \n                    <div class=\"category-square col-6 col-md-4\">\n                                                <a data-type=\"hero\"\n                           class=\"card card-hero size-\"\n                           target=\"_self\"\n                           href=\"https:\/\/visittalsi.com\/lt\/where-to-go-lt\/valdemarpils-lt\/\">\n\n                                                        <figure class=\"lazyload lazy entered loaded\"\n                                    style=\"background-image: url(https:\/\/visittalsi.com\/wp-content\/uploads\/2026\/03\/valdemarpils-pavasaris-380x380.jpg);\"\n                                    data-ll-status=\"loaded\"\n                                    data-was-processed=\"true\"><\/figure>\n                                                        <h4 class=\"entry-title card-title\">\n                                Valdem\u0101rpils                                <span class=\"icon--arrow-next\">\u2192<\/span>\n                            <\/h4>\n                        <\/a>\n                                            <\/div>\n\n            \n                    <div class=\"category-wide col-12 col-md-8\">\n                                                <a data-type=\"hero\"\n                           class=\"card card-hero size-\"\n                           target=\"_self\"\n                           href=\"https:\/\/visittalsi.com\/lt\/where-to-go-lt\/coast-lt\/\">\n\n                                                        <figure class=\"lazyload lazy entered loaded\"\n                                    style=\"background-image: url(https:\/\/visittalsi.com\/wp-content\/uploads\/2023\/02\/kaltenes-klubs-7-770x385.jpeg);\"\n                                    data-ll-status=\"loaded\"\n                                    data-was-processed=\"true\"><\/figure>\n                                                        <h4 class=\"entry-title card-title\">\n                                Pakrant\u0117                                <span class=\"icon--arrow-next\">\u2192<\/span>\n                            <\/h4>\n                        <\/a>\n                                            <\/div>\n\n            \n                    <div class=\"category-wide col-12 col-md-8\">\n                                                <a data-type=\"hero\"\n                           class=\"card card-hero size-\"\n                           target=\"_self\"\n                           href=\"https:\/\/visittalsi.com\/lt\/where-to-go-lt\/nature-objects-lt\/\">\n\n                                                        <figure class=\"lazyload lazy entered loaded\"\n                                    style=\"background-image: url(https:\/\/visittalsi.com\/wp-content\/uploads\/2023\/02\/DJI_0064-770x385.jpg);\"\n                                    data-ll-status=\"loaded\"\n                                    data-was-processed=\"true\"><\/figure>\n                                                        <h4 class=\"entry-title card-title\">\n                                Gamta                                <span class=\"icon--arrow-next\">\u2192<\/span>\n                            <\/h4>\n                        <\/a>\n                                            <\/div>\n\n            \n                    <div class=\"category-square col-6 col-md-4\">\n                                                <a data-type=\"hero\"\n                           class=\"card card-hero size-\"\n                           target=\"_self\"\n                           href=\"https:\/\/visittalsi.com\/en\/where-to-go\/talsi-region-audio-guides\/\">\n\n                                                        <figure class=\"lazyload lazy entered loaded\"\n                                    style=\"background-image: url(https:\/\/visittalsi.com\/wp-content\/uploads\/2025\/01\/Talsi-region-audio-guide-1-380x380.jpg);\"\n                                    data-ll-status=\"loaded\"\n                                    data-was-processed=\"true\"><\/figure>\n                                                        <h4 class=\"entry-title card-title\">\n                                Talsi Region Audio Guides                                <span class=\"icon--arrow-next\">\u2192<\/span>\n                            <\/h4>\n                        <\/a>\n                                            <\/div>\n\n            \n        <\/div>\n    <\/div>\n<\/section>\n\n\n\n<section class=\"activities__wrapper\">\n    <div class=\"activities row\">\n                <\/div>\n\n<\/section>\n\n\n\n\n\n<section class=\"wp-block-group container\"><div class=\"wp-block-group__inner-container is-layout-flow wp-block-group-is-layout-flow\">\n<section class=\"contact-us d-none d-lg-flex row g-0 position-relative\">\n    <div class=\"contact-us__title section__title col-auto align-self-start position-absolute\">\n        <h2>Kontaktai<\/h2>\n    <\/div>\n    <div class=\"contact-us__iframe col-auto align-self-center position-absolute\">\n        <iframe src=\"https:\/\/www.google.com\/maps\/embed?pb=!1m18!1m12!1m3!1d2158.7323939426906!2d22.589430716090856!3d57.244151083453964!2m3!1f0!2f0!3f0!3m2!1i1024!2i768!4f13.1!3m3!1m2!1s0x46ee3827a1c5343b%3A0x31b8af785df9bfde!2sTalsu%20novada%20turisma%20informacijas%20centrs%20%2C%20pasvaldibas%20agentura!5e0!3m2!1sen!2slv!4v1659008365553!5m2!1sen!2slv\" width=\"800\" height=\"600\" style=\"border:0;\" allowfullscreen=\"\" loading=\"lazy\" referrerpolicy=\"no-referrer-when-downgrade\"><\/iframe>    <\/div>\n    <div class=\"contact-us__details col-auto align-self-end position-absolute\">\n        <div class=\"row g-0 p-5\">\n                                                    <div class=\"contact-us__details__title col-12 pb-2\">\n                                <h5>Talsi turist\u0173 informacijos centras<\/h5>\n                            <\/div>\n                                                                            <div class=\"contact-us__details__adress col-12 pb-2\">\n                                <span class=\"d-block\">Adresas:<\/span>\n                                <span class=\"text\">Liel\u0101 iela 19\/21, Talsi<\/span>\n                            <\/div>\n                                                                            <div class=\"contact-us__details__phone col-12 pb-2\">\n                                <span class=\"d-block\">Telefonas<\/span>\n                                <a href=\"tel:+371 26469057\" title=\"T\u0101lrunis\"><span class=\"text\">+371 26469057<\/span><\/a>\n                            <\/div>\n                                                                            <div class=\"contact-us__details__email col-12 pb-2\">\n                                <span class=\"d-block\">El.pa\u0161tas<\/span>\n                                <a href=\"mailto:tic@talsi.lv\" title=\"Epasts\"><span class=\"text\">tic@talsi.lv<\/span><\/a>\n                            <\/div>\n                        \n\n                        <div class=\"col-12\">\n                            <hr class=\"contact-us__divider pb-2\">\n                        <\/div>\n\n                        <div class=\"col-12\">\n                            <h4>Darbo laikas<\/h4>\n                        <\/div>\n\n                        <div class=\"col-12\">\n\t                                                <div class=\"row pb-2\">\n                                <div class=\"col-auto text-start\" style=\"min-width: 45px;\">\n                                    <span class=\"label\">I-V<\/span>\n                                <\/div>\n                                <div class=\"col-auto text-center\" style=\"min-width: 65px;\">\n                                    9-17                                <\/div>\n                            <\/div>\n                                                    <div class=\"row pb-2\">\n                                <div class=\"col-auto text-start\" style=\"min-width: 45px;\">\n                                    <span class=\"label\">VI<\/span>\n                                <\/div>\n                                <div class=\"col-auto text-center\" style=\"min-width: 65px;\">\n                                    10-14                                <\/div>\n                            <\/div>\n                                                <\/div>\n        <\/div>\n        <span class=\"background-ornament\"><\/span>\n    <\/div>\n<\/section>\n<section class=\"contact-us d-flex d-lg-none row g-0 position-relative\">\n    <div class=\"contact-us__title section__title col-12\">\n        <h2>Kontaktai<\/h2>\n    <\/div>\n    <div class=\"contact-us__details col-12 position-relative\">\n        <div class=\"row g-0 p-5\">\n                            <div class=\"contact-us__details__title col-12 pb-2\">\n                    <h5>Talsi turist\u0173 informacijos centras<\/h5>\n                <\/div>\n                                        <div class=\"contact-us__details__adress col-12 pb-2\">\n                    <span class=\"d-block\">Adresas:<\/span>\n                    <span class=\"text\">Liel\u0101 iela 19\/21, Talsi<\/span>\n                <\/div>\n                                        <div class=\"contact-us__details__phone col-12 pb-2\">\n                    <span class=\"d-block\">Telefonas<\/span>\n                    <a href=\"tel:+371 26469057\" title=\"T\u0101lrunis\"><span class=\"text\">+371 26469057<\/span><\/a>\n                <\/div>\n                                        <div class=\"contact-us__details__email col-12 pb-2\">\n                    <span class=\"d-block\">El.pa\u0161tas<\/span>\n                    <a href=\"mailto:tic@talsi.lv\" title=\"Epasts\"><span class=\"text\">tic@talsi.lv<\/span><\/a>\n                <\/div>\n            \n\n            <div class=\"col-12\">\n                <hr class=\"contact-us__divider pb-2\">\n            <\/div>\n\n            <div class=\"col-12\">\n                <h4>Darbo laikas<\/h4>\n            <\/div>\n\n            <div class=\"col-12\">\n                \t                <div class=\"row pb-2\">\n\t                    <div class=\"col-auto text-start\" style=\"min-width: 45px;\">\n\t                        <span class=\"label\">I-V<\/span>\n\t                    <\/div>\n\t                    <div class=\"col-auto text-center\" style=\"min-width: 65px;\">\n\t                        9-17\t                    <\/div>\n\t                <\/div>\n                \t                <div class=\"row pb-2\">\n\t                    <div class=\"col-auto text-start\" style=\"min-width: 45px;\">\n\t                        <span class=\"label\">VI<\/span>\n\t                    <\/div>\n\t                    <div class=\"col-auto text-center\" style=\"min-width: 65px;\">\n\t                        10-14\t                    <\/div>\n\t                <\/div>\n                            <\/div>\n        <\/div>\n        <span class=\"background-ornament\"><\/span>\n    <\/div>\n    <div class=\"contact-us__iframe col-12\">\n        <iframe src=\"https:\/\/www.google.com\/maps\/embed?pb=!1m18!1m12!1m3!1d2158.7323939426906!2d22.589430716090856!3d57.244151083453964!2m3!1f0!2f0!3f0!3m2!1i1024!2i768!4f13.1!3m3!1m2!1s0x46ee3827a1c5343b%3A0x31b8af785df9bfde!2sTalsu%20novada%20turisma%20informacijas%20centrs%20%2C%20pasvaldibas%20agentura!5e0!3m2!1sen!2slv!4v1659008365553!5m2!1sen!2slv\" width=\"800\" height=\"600\" style=\"border:0;\" allowfullscreen=\"\" loading=\"lazy\" referrerpolicy=\"no-referrer-when-downgrade\"><\/iframe>    <\/div>\n<\/section>\n<\/div><\/section>\n\n\n<section class=\"partners__carousel\">\n    <div class=\"sponsors marquee3k\">\n        <div class=\"sponsors-wrapp\">\n                                <div class=\"sponsor\">\n                        <a href=\"http:\/\/www.kurzeme.lv\/lv\/, http:\/\/www.kurzeme.lv\/lv\/, _blank\" class=\"sponsors-link\" target=\"_blank\">\n                            <img decoding=\"async\" src=\"https:\/\/visittalsi.com\/wp-content\/uploads\/2019\/10\/logo-kurzemes-turisma-asoc.png\" alt=\"\" class=\"img-fluid\">\n                        <\/a>\n                    <\/div>\n                                    <div class=\"sponsor\">\n                        <a href=\", https:\/\/www.talsunovads.lv\/lv, _blank\" class=\"sponsors-link\" target=\"_blank\">\n                            <img decoding=\"async\" src=\"https:\/\/visittalsi.com\/wp-content\/uploads\/2019\/10\/logo-talsi@2x.jpg\" alt=\"\" class=\"img-fluid\">\n                        <\/a>\n                    <\/div>\n                                    <div class=\"sponsor\">\n                        <a href=\"http:\/\/www.tautasnams.lv\/lv\/pasakumi\/, http:\/\/www.tautasnams.lv\/lv\/pasakumi\/, _blank\" class=\"sponsors-link\" target=\"_blank\">\n                            <img decoding=\"async\" src=\"https:\/\/visittalsi.com\/wp-content\/uploads\/2019\/12\/ttn-logo.jpg\" alt=\"\" class=\"img-fluid\">\n                        <\/a>\n                    <\/div>\n                                    <div class=\"sponsor\">\n                        <a href=\", https:\/\/www.latvia.travel\/lt, \" class=\"sponsors-link\" target=\"_blank\">\n                            <img decoding=\"async\" src=\"https:\/\/visittalsi.com\/wp-content\/uploads\/2024\/06\/Mission_Latvia_logo_h-scaled.jpg\" alt=\"\" class=\"img-fluid\">\n                        <\/a>\n                    <\/div>\n                        <\/div>\n    <\/div>\n\n<\/section>\n","protected":false},"excerpt":{"rendered":"","protected":false},"author":1,"featured_media":0,"parent":0,"menu_order":50,"comment_status":"closed","ping_status":"closed","template":"","meta":{"_acf_changed":false,"_relevanssi_hide_post":"","_relevanssi_pin_for_all":"","_relevanssi_pin_keywords":"","_relevanssi_unpin_keywords":"","_relevanssi_related_keywords":"","_relevanssi_related_include_ids":"","_relevanssi_related_exclude_ids":"","_relevanssi_related_no_append":"","_relevanssi_related_not_related":"","_relevanssi_related_posts":"66777,73897,109395,62376,64103,107978,109106,79677","_relevanssi_noindex_reason":"","inline_featured_image":false,"_monsterinsights_skip_tracking":false,"_monsterinsights_sitenote_active":false,"_monsterinsights_sitenote_note":"","_monsterinsights_sitenote_category":0,"_vp_format_video_url":"","_vp_image_focal_point":[],"footnotes":""},"class_list":["post-2379","page","type-page","status-publish","hentry"],"acf":[],"aioseo_notices":[],"_links":{"self":[{"href":"https:\/\/visittalsi.com\/lt\/wp-json\/wp\/v2\/pages\/2379","targetHints":{"allow":["GET"]}}],"collection":[{"href":"https:\/\/visittalsi.com\/lt\/wp-json\/wp\/v2\/pages"}],"about":[{"href":"https:\/\/visittalsi.com\/lt\/wp-json\/wp\/v2\/types\/page"}],"author":[{"embeddable":true,"href":"https:\/\/visittalsi.com\/lt\/wp-json\/wp\/v2\/users\/1"}],"replies":[{"embeddable":true,"href":"https:\/\/visittalsi.com\/lt\/wp-json\/wp\/v2\/comments?post=2379"}],"version-history":[{"count":158,"href":"https:\/\/visittalsi.com\/lt\/wp-json\/wp\/v2\/pages\/2379\/revisions"}],"predecessor-version":[{"id":110838,"href":"https:\/\/visittalsi.com\/lt\/wp-json\/wp\/v2\/pages\/2379\/revisions\/110838"}],"wp:attachment":[{"href":"https:\/\/visittalsi.com\/lt\/wp-json\/wp\/v2\/media?parent=2379"}],"curies":[{"name":"wp","href":"https:\/\/api.w.org\/{rel}","templated":true}]}}