{"id":109349,"date":"2025-12-09T10:36:34","date_gmt":"2025-12-09T08:36:34","guid":{"rendered":"https:\/\/visittalsi.com\/sikdatnes\/"},"modified":"2025-12-09T14:19:55","modified_gmt":"2025-12-09T12:19:55","slug":"cookies","status":"publish","type":"page","link":"https:\/\/visittalsi.com\/lt\/cookies\/","title":{"rendered":"Cookies"},"content":{"rendered":"\n<p>Talsi\u0173 savivaldyb\u0117s svetain\u0117je naudojami slapukai (\u201ecookies\u201c), siekiant pagerinti svetain\u0117s naudojimo patirt\u012f, u\u017etikrinti kokyb\u0119 ir tinkam\u0105 svetain\u0117s veikim\u0105.<\/p>\n\n\n\n<p>Slapukas (\u201ecookie\u201c) \u2013 tai nedidelis teksto failas, kuris siun\u010diamas ir saugomas j\u016bs\u0173 kompiuteryje arba mobiliajame \u012frenginyje lankantis svetain\u0117je. Svetain\u0117 j\u012f i\u0161saugo j\u016bs\u0173 kompiuteryje arba \u012frenginyje, kai atidarote svetain\u0119. Kiekvieno kito apsilankymo metu slapukai siun\u010diami atgal \u012f kilm\u0117s svetain\u0119 arba tre\u010diosios \u0161alies svetain\u0119, kuri atpa\u017e\u012fsta slapuk\u0105 ir leid\u017eia svetainei prisiminti vartotojo pasirinktus nustatymus kit\u0173 apsilankym\u0173 metu, tod\u0117l kiekvien\u0105 kart\u0105 j\u0173 nereikia nustatin\u0117ti i\u0161 naujo.<\/p>\n\n\n\n<p>Papildom\u0105 informacij\u0105 apie slapukus galite rasti svetain\u0117je&nbsp;<a href=\"https:\/\/www.aboutcookies.org\/\">https:\/\/www.aboutcookies.org\/<\/a>. Slapukai nenaudojami j\u016bs\u0173 asmeni\u0161kai identifikuoti.<\/p>\n\n\n\n<p>Talsi\u0173 miesto svetain\u0117je&nbsp;<a href=\"http:\/\/www.visittalsi.com\/\">www.visittalsi.com<\/a>&nbsp;naudojami \u0161ie slapukai su nurodytomis galiojimo trukm\u0117mis:<\/p>\n\n\n\n<figure class=\"wp-block-table\"><table class=\"has-fixed-layout\"><tbody><tr><td><strong>Slapukas<\/strong><\/td><td><strong>\u012erankis<\/strong><\/td><td><strong>Domenas<\/strong><\/td><td><strong>Tipas<\/strong><\/td><td><strong>Galiojimo trukm\u0117<\/strong><\/td><\/tr><tr><td>_ga<\/td><td>Google Analytics<\/td><td>.visittalsi.com<\/td><td>Pirmosios \u0161alies slapukas<\/td><td>2 metai<\/td><\/tr><tr><td>_ga_xxxx<\/td><td>Google Analytics<\/td><td>.visittalsi.com<\/td><td>Pirmosios \u0161alies slapukas<\/td><td>Galioja tik einamosios sesijos metu ir bus i\u0161trintas u\u017edarius nar\u0161ykl\u0119<\/td><\/tr><tr><td>wp-wpml_current_langu<\/td><td>N\/a<\/td><td>.visittalsi.com<\/td><td>Svetain\u0117s slapukas<\/td><td>Galioja tik einamosios sesijos metu ir bus i\u0161trintas u\u017edarius nar\u0161ykl\u0119<\/td><\/tr><\/tbody><\/table><\/figure>\n\n\n\n<p><em>* &#8211; Pirmosios \u0161alies slapukai saugomi m\u016bs\u0173 svetain\u0117s infrastrukt\u016broje. Juos galima atpa\u017einti pagal m\u016bs\u0173 svetain\u0117s domeno pavadinim\u0105.<\/em><\/p>\n\n\n\n<p>Jei turite klausim\u0173, pasi\u016blym\u0173 ar skund\u0173 d\u0117l to, kaip mes tvarkome ir naudojame j\u016bs\u0173 slapukus, pra\u0161ome susisiekti su mumis.<\/p>\n","protected":false},"excerpt":{"rendered":"<p>Talsi\u0173 savivaldyb\u0117s svetain\u0117je naudojami slapukai (\u201ecookies\u201c), siekiant pagerinti svetain\u0117s naudojimo patirt\u012f, u\u017etikrinti kokyb\u0119 ir tinkam\u0105 svetain\u0117s veikim\u0105. Slapukas (\u201ecookie\u201c) \u2013 tai nedidelis teksto failas, kuris siun\u010diamas ir saugomas j\u016bs\u0173 kompiuteryje arba mobiliajame \u012frenginyje lankantis svetain\u0117je. Svetain\u0117 j\u012f i\u0161saugo j\u016bs\u0173 kompiuteryje arba \u012frenginyje, kai atidarote svetain\u0119. Kiekvieno kito apsilankymo metu slapukai siun\u010diami atgal \u012f kilm\u0117s svetain\u0119 [&hellip;]<\/p>\n","protected":false},"author":1,"featured_media":0,"parent":109365,"menu_order":48,"comment_status":"closed","ping_status":"closed","template":"page-nosidebar.php","meta":{"_acf_changed":false,"_relevanssi_hide_post":"","_relevanssi_pin_for_all":"","_relevanssi_pin_keywords":"","_relevanssi_unpin_keywords":"","_relevanssi_related_keywords":"","_relevanssi_related_include_ids":"","_relevanssi_related_exclude_ids":"","_relevanssi_related_no_append":"","_relevanssi_related_not_related":"","_relevanssi_related_posts":"82658,79672,100238,79667,87224,67985,103239,74929","_relevanssi_noindex_reason":"","inline_featured_image":false,"_monsterinsights_skip_tracking":false,"_monsterinsights_sitenote_active":false,"_monsterinsights_sitenote_note":"","_monsterinsights_sitenote_category":0,"_vp_format_video_url":"","_vp_image_focal_point":[],"footnotes":""},"class_list":["post-109349","page","type-page","status-publish","hentry"],"acf":[],"aioseo_notices":[],"_links":{"self":[{"href":"https:\/\/visittalsi.com\/lt\/wp-json\/wp\/v2\/pages\/109349","targetHints":{"allow":["GET"]}}],"collection":[{"href":"https:\/\/visittalsi.com\/lt\/wp-json\/wp\/v2\/pages"}],"about":[{"href":"https:\/\/visittalsi.com\/lt\/wp-json\/wp\/v2\/types\/page"}],"author":[{"embeddable":true,"href":"https:\/\/visittalsi.com\/lt\/wp-json\/wp\/v2\/users\/1"}],"replies":[{"embeddable":true,"href":"https:\/\/visittalsi.com\/lt\/wp-json\/wp\/v2\/comments?post=109349"}],"version-history":[{"count":5,"href":"https:\/\/visittalsi.com\/lt\/wp-json\/wp\/v2\/pages\/109349\/revisions"}],"predecessor-version":[{"id":109390,"href":"https:\/\/visittalsi.com\/lt\/wp-json\/wp\/v2\/pages\/109349\/revisions\/109390"}],"up":[{"embeddable":true,"href":"https:\/\/visittalsi.com\/lt\/wp-json\/wp\/v2\/pages\/109365"}],"wp:attachment":[{"href":"https:\/\/visittalsi.com\/lt\/wp-json\/wp\/v2\/media?parent=109349"}],"curies":[{"name":"wp","href":"https:\/\/api.w.org\/{rel}","templated":true}]}}