{"id":106501,"date":"2019-10-10T18:55:36","date_gmt":"2019-10-10T15:55:36","guid":{"rendered":"https:\/\/visittalsi.com\/sakums\/"},"modified":"2025-12-09T12:06:27","modified_gmt":"2025-12-09T10:06:27","slug":"sakums","status":"publish","type":"page","link":"https:\/\/visittalsi.com\/fr\/","title":{"rendered":"Page d&rsquo;accueil"},"content":{"rendered":"\n<section data-type=\"visittalsi\" class=\"hero-cards\">\n    <div class=\"container p-0\">\n        <div class=\"row\">\n            <h2 class=\"col-12\"><\/h2>\n                        \n                    <div class=\"category-square col-6 col-md-4\">\n                                                <a data-type=\"hero\"\n                           class=\"card card-hero size-\"\n                           target=\"_self\"\n                           href=\"https:\/\/visittalsi.com\/wp-content\/uploads\/2025\/05\/Brochure_touristique_route_de_Talsi__final_version_.pdf\">\n\n                                                        <figure class=\"lazyload lazy entered loaded\"\n                                    style=\"background-image: url(https:\/\/visittalsi.com\/wp-content\/uploads\/2025\/05\/touristique_2-380x380.png);\"\n                                    data-ll-status=\"loaded\"\n                                    data-was-processed=\"true\"><\/figure>\n                                                        <h4 class=\"entry-title card-title\">\n                                Curonian Peninsula                                <span class=\"icon--arrow-next\">\u2192<\/span>\n                            <\/h4>\n                        <\/a>\n                                            <\/div>\n\n            \n                    <div class=\"category-square col-6 col-md-4\">\n                                                <a data-type=\"hero\"\n                           class=\"card card-hero size-\"\n                           target=\"_self\"\n                           href=\"https:\/\/visittalsi.com\/wp-content\/uploads\/2025\/05\/Libiesu_krasts_Brochure_sur_les_livoniens_7.pdf\">\n\n                                                        <figure class=\"lazyload lazy entered loaded\"\n                                    style=\"background-image: url(https:\/\/visittalsi.com\/wp-content\/uploads\/2025\/05\/livonia_fr-380x380.png);\"\n                                    data-ll-status=\"loaded\"\n                                    data-was-processed=\"true\"><\/figure>\n                                                        <h4 class=\"entry-title card-title\">\n                                L\u012bv\u00f5d \u0101t\u00f5 t\u00e4s\u0101!                                <span class=\"icon--arrow-next\">\u2192<\/span>\n                            <\/h4>\n                        <\/a>\n                                            <\/div>\n\n            \n                    <div class=\"category-square col-6 col-md-4\">\n                                                <a data-type=\"hero\"\n                           class=\"card card-hero size-\"\n                           target=\"_self\"\n                           href=\"https:\/\/visittalsi.com\/wp-content\/uploads\/2025\/05\/Sabile_FR.pdf\">\n\n                                                        <figure class=\"lazyload lazy entered loaded\"\n                                    style=\"background-image: url(https:\/\/visittalsi.com\/wp-content\/uploads\/2025\/05\/sabile_fr-380x380.png);\"\n                                    data-ll-status=\"loaded\"\n                                    data-was-processed=\"true\"><\/figure>\n                                                        <h4 class=\"entry-title card-title\">\n                                Sabile                                <span class=\"icon--arrow-next\">\u2192<\/span>\n                            <\/h4>\n                        <\/a>\n                                            <\/div>\n\n            \n        <\/div>\n    <\/div>\n<\/section>\n\n\n\n<section class=\"activities__wrapper\">\n    <div class=\"activities row\">\n                <\/div>\n\n<\/section>\n\n\n\n\n\n<section class=\"wp-block-group container\"><div class=\"wp-block-group__inner-container is-layout-flow wp-block-group-is-layout-flow\">\n<section class=\"contact-us d-none d-lg-flex row g-0 position-relative\">\n    <div class=\"contact-us__title section__title col-auto align-self-start position-absolute\">\n        <h2><\/h2>\n    <\/div>\n    <div class=\"contact-us__iframe col-auto align-self-center position-absolute\">\n        <iframe src=\"https:\/\/www.google.com\/maps\/embed?pb=!1m18!1m12!1m3!1d2158.7323939426906!2d22.589430716090856!3d57.244151083453964!2m3!1f0!2f0!3f0!3m2!1i1024!2i768!4f13.1!3m3!1m2!1s0x46ee3827a1c5343b%3A0x31b8af785df9bfde!2sTalsu%20novada%20turisma%20informacijas%20centrs%20%2C%20pasvaldibas%20agentura!5e0!3m2!1sen!2slv!4v1659008365553!5m2!1sen!2slv\" width=\"800\" height=\"600\" style=\"border:0;\" allowfullscreen=\"\" loading=\"lazy\" referrerpolicy=\"no-referrer-when-downgrade\"><\/iframe>    <\/div>\n    <div class=\"contact-us__details col-auto align-self-end position-absolute\">\n        <div class=\"row g-0 p-5\">\n                                                                            <div class=\"contact-us__details__adress col-12 pb-2\">\n                                <span class=\"d-block\">Adresse:<\/span>\n                                <span class=\"text\">Liel\u0101 iela 19\/21, Talsi<\/span>\n                            <\/div>\n                                                                            <div class=\"contact-us__details__phone col-12 pb-2\">\n                                <span class=\"d-block\">T\u00e9l\u00e9phone<\/span>\n                                <a href=\"tel:+371 26469057\" title=\"T\u0101lrunis\"><span class=\"text\">+371 26469057<\/span><\/a>\n                            <\/div>\n                                                                            <div class=\"contact-us__details__email col-12 pb-2\">\n                                <span class=\"d-block\"> E-mail<\/span>\n                                <a href=\"mailto:tic@talsi.lv\" title=\"Epasts\"><span class=\"text\">tic@talsi.lv<\/span><\/a>\n                            <\/div>\n                        \n\n                        <div class=\"col-12\">\n                            <hr class=\"contact-us__divider pb-2\">\n                        <\/div>\n\n                        <div class=\"col-12\">\n                            <h4><\/h4>\n                        <\/div>\n\n                        <div class=\"col-12\">\n\t                                                <div class=\"row pb-2\">\n                                <div class=\"col-auto text-start\" style=\"min-width: 45px;\">\n                                    <span class=\"label\">I-V<\/span>\n                                <\/div>\n                                <div class=\"col-auto text-center\" style=\"min-width: 65px;\">\n                                    9-17                                <\/div>\n                            <\/div>\n                                                    <div class=\"row pb-2\">\n                                <div class=\"col-auto text-start\" style=\"min-width: 45px;\">\n                                    <span class=\"label\">VI<\/span>\n                                <\/div>\n                                <div class=\"col-auto text-center\" style=\"min-width: 65px;\">\n                                    10-14                                <\/div>\n                            <\/div>\n                                                <\/div>\n        <\/div>\n        <span class=\"background-ornament\"><\/span>\n    <\/div>\n<\/section>\n<section class=\"contact-us d-flex d-lg-none row g-0 position-relative\">\n    <div class=\"contact-us__title section__title col-12\">\n        <h2><\/h2>\n    <\/div>\n    <div class=\"contact-us__details col-12 position-relative\">\n        <div class=\"row g-0 p-5\">\n                                        <div class=\"contact-us__details__adress col-12 pb-2\">\n                    <span class=\"d-block\">Adresse:<\/span>\n                    <span class=\"text\">Liel\u0101 iela 19\/21, Talsi<\/span>\n                <\/div>\n                                        <div class=\"contact-us__details__phone col-12 pb-2\">\n                    <span class=\"d-block\">T\u00e9l\u00e9phone<\/span>\n                    <a href=\"tel:+371 26469057\" title=\"T\u0101lrunis\"><span class=\"text\">+371 26469057<\/span><\/a>\n                <\/div>\n                                        <div class=\"contact-us__details__email col-12 pb-2\">\n                    <span class=\"d-block\"> E-mail<\/span>\n                    <a href=\"mailto:tic@talsi.lv\" title=\"Epasts\"><span class=\"text\">tic@talsi.lv<\/span><\/a>\n                <\/div>\n            \n\n            <div class=\"col-12\">\n                <hr class=\"contact-us__divider pb-2\">\n            <\/div>\n\n            <div class=\"col-12\">\n                <h4><\/h4>\n            <\/div>\n\n            <div class=\"col-12\">\n                \t                <div class=\"row pb-2\">\n\t                    <div class=\"col-auto text-start\" style=\"min-width: 45px;\">\n\t                        <span class=\"label\">I-V<\/span>\n\t                    <\/div>\n\t                    <div class=\"col-auto text-center\" style=\"min-width: 65px;\">\n\t                        9-17\t                    <\/div>\n\t                <\/div>\n                \t                <div class=\"row pb-2\">\n\t                    <div class=\"col-auto text-start\" style=\"min-width: 45px;\">\n\t                        <span class=\"label\">VI<\/span>\n\t                    <\/div>\n\t                    <div class=\"col-auto text-center\" style=\"min-width: 65px;\">\n\t                        10-14\t                    <\/div>\n\t                <\/div>\n                            <\/div>\n        <\/div>\n        <span class=\"background-ornament\"><\/span>\n    <\/div>\n    <div class=\"contact-us__iframe col-12\">\n        <iframe src=\"https:\/\/www.google.com\/maps\/embed?pb=!1m18!1m12!1m3!1d2158.7323939426906!2d22.589430716090856!3d57.244151083453964!2m3!1f0!2f0!3f0!3m2!1i1024!2i768!4f13.1!3m3!1m2!1s0x46ee3827a1c5343b%3A0x31b8af785df9bfde!2sTalsu%20novada%20turisma%20informacijas%20centrs%20%2C%20pasvaldibas%20agentura!5e0!3m2!1sen!2slv!4v1659008365553!5m2!1sen!2slv\" width=\"800\" height=\"600\" style=\"border:0;\" allowfullscreen=\"\" loading=\"lazy\" referrerpolicy=\"no-referrer-when-downgrade\"><\/iframe>    <\/div>\n<\/section>\n<\/div><\/section>\n\n\n<section class=\"partners__carousel\">\n    <div class=\"sponsors marquee3k\">\n        <div class=\"sponsors-wrapp\">\n                                <div class=\"sponsor\">\n                        <a href=\"https:\/\/www.latvia.travel\/lv, https:\/\/www.latvia.travel\/lv, _blank\" class=\"sponsors-link\" target=\"_blank\">\n                            <img decoding=\"async\" src=\"https:\/\/visittalsi.com\/wp-content\/uploads\/2024\/06\/Mission_Latvia_logo_h-scaled.jpg\" alt=\"\" class=\"img-fluid\">\n                        <\/a>\n                    <\/div>\n                                    <div class=\"sponsor\">\n                        <a href=\"http:\/\/www.kurzeme.lv\/lv\/, http:\/\/www.kurzeme.lv\/lv\/, _blank\" class=\"sponsors-link\" target=\"_blank\">\n                            <img decoding=\"async\" src=\"https:\/\/visittalsi.com\/wp-content\/uploads\/2019\/10\/logo-kurzemes-turisma-asoc.png\" alt=\"\" class=\"img-fluid\">\n                        <\/a>\n                    <\/div>\n                                    <div class=\"sponsor\">\n                        <a href=\", https:\/\/www.talsunovads.lv\/lv, _blank\" class=\"sponsors-link\" target=\"_blank\">\n                            <img decoding=\"async\" src=\"https:\/\/visittalsi.com\/wp-content\/uploads\/2019\/10\/logo-talsi@2x.jpg\" alt=\"\" class=\"img-fluid\">\n                        <\/a>\n                    <\/div>\n                                    <div class=\"sponsor\">\n                        <a href=\"http:\/\/www.tautasnams.lv\/lv\/pasakumi\/, http:\/\/www.tautasnams.lv\/lv\/pasakumi\/, _blank\" class=\"sponsors-link\" target=\"_blank\">\n                            <img decoding=\"async\" src=\"https:\/\/visittalsi.com\/wp-content\/uploads\/2019\/12\/ttn-logo.jpg\" alt=\"\" class=\"img-fluid\">\n                        <\/a>\n                    <\/div>\n                        <\/div>\n    <\/div>\n\n<\/section>\n","protected":false},"excerpt":{"rendered":"","protected":false},"author":1,"featured_media":0,"parent":0,"menu_order":50,"comment_status":"closed","ping_status":"closed","template":"","meta":{"_acf_changed":false,"_relevanssi_hide_post":"","_relevanssi_pin_for_all":"","_relevanssi_pin_keywords":"","_relevanssi_unpin_keywords":"","_relevanssi_related_keywords":"","_relevanssi_related_include_ids":"","_relevanssi_related_exclude_ids":"","_relevanssi_related_no_append":"","_relevanssi_related_not_related":"","_relevanssi_related_posts":"81944,62748,67305,86822,54109,82830,54076,55481","_relevanssi_noindex_reason":"","inline_featured_image":false,"_monsterinsights_skip_tracking":false,"_monsterinsights_sitenote_active":false,"_monsterinsights_sitenote_note":"","_monsterinsights_sitenote_category":0,"_vp_format_video_url":"","_vp_image_focal_point":[],"footnotes":""},"class_list":["post-106501","page","type-page","status-publish","hentry"],"acf":[],"aioseo_notices":[],"_links":{"self":[{"href":"https:\/\/visittalsi.com\/fr\/wp-json\/wp\/v2\/pages\/106501","targetHints":{"allow":["GET"]}}],"collection":[{"href":"https:\/\/visittalsi.com\/fr\/wp-json\/wp\/v2\/pages"}],"about":[{"href":"https:\/\/visittalsi.com\/fr\/wp-json\/wp\/v2\/types\/page"}],"author":[{"embeddable":true,"href":"https:\/\/visittalsi.com\/fr\/wp-json\/wp\/v2\/users\/1"}],"replies":[{"embeddable":true,"href":"https:\/\/visittalsi.com\/fr\/wp-json\/wp\/v2\/comments?post=106501"}],"version-history":[{"count":8,"href":"https:\/\/visittalsi.com\/fr\/wp-json\/wp\/v2\/pages\/106501\/revisions"}],"predecessor-version":[{"id":106761,"href":"https:\/\/visittalsi.com\/fr\/wp-json\/wp\/v2\/pages\/106501\/revisions\/106761"}],"wp:attachment":[{"href":"https:\/\/visittalsi.com\/fr\/wp-json\/wp\/v2\/media?parent=106501"}],"curies":[{"name":"wp","href":"https:\/\/api.w.org\/{rel}","templated":true}]}}