{"id":2377,"date":"2019-10-10T18:55:36","date_gmt":"2019-10-10T15:55:36","guid":{"rendered":"http:\/\/visittalsi.com\/sakums\/"},"modified":"2026-03-31T16:51:38","modified_gmt":"2026-03-31T13:51:38","slug":"home","status":"publish","type":"page","link":"https:\/\/visittalsi.com\/et\/","title":{"rendered":"Home"},"content":{"rendered":"\n<section data-type=\"visittalsi\" class=\"hero-cards\">\n    <div class=\"container p-0\">\n        <div class=\"row\">\n            <h2 class=\"col-12\">Tunneta loodust, omaks kultuuri<\/h2>\n                        <div class=\"frontpage-about\">\n\t            <div class=\"line\"><\/div>\n\t            <p>Salap\u00e4rane P\u00f5hja-Kurzeme \u2013 see on ainulaadne turismipiirkond Talsu maakonnas, mida tasub avastada! Maakond, kus Balti meri nimetatakse Suureks meres, ja Riia laht V\u00e4ikeseks meres, koos vastuvoolu lainete ja s\u00e4ravate p\u00e4ikeseloojangutega Kolkas, koos liivlaste kalurite k\u00fclade ja liivi keeles siltidega Kolkas, koos suurmees Kri\u0161j\u0101nis Valdem\u0101rs oma kodukohaga Valdem\u0101rpil ja Kuramaa vanade laevade ehituse ajalooga Rojas muuseumis, koos helilooja Ludwig van Beethoveni s\u00f5bra Karl Amenda m\u00e4lestusm\u00e4rgiga \u0160\u0137\u0113d\u0113, koos viinamarjaistandustega Sabilas, koos kauni \u00fcheksakupliga linnaga \u2013 Talsi \u00fcllatab iga reisijat, andes v\u00f5imaluse tutvuda mitmekesise looduse, losside ja m\u00f5isatega, ronida majakatesse \u0160l\u012bter\u0113 ja M\u0113rsrag\u0101, avastada krokodillide jahtija Dandija ning Roheline Jumprava legende Dundagas, lasta end l\u00f5bustada romantilisest puhkest k\u00fclalislahketes majutustes mere \u00e4\u00e4res, maitsta sklandrau\u0161usi ja suitsutatud kogerit.<\/p>\n<p>Talsi on maakonna keskus, mille kogupindala on 2750,8 ruutkilomeetrit ja Balti mere rannikul on 95 km pikkust.<\/p>\n<p>Salap\u00e4rane P\u00f5hja-Kurzeme \u2013 see on ainulaadne turismipiirkond Talsu maakonnas, mida tasub avastada! Maakond, kus Balti meri nimetatakse Suureks meres, ja Riia laht V\u00e4ikeseks meres, koos vastuvoolu lainete ja s\u00e4ravate p\u00e4ikeseloojangutega Kolkas, koos liivlaste kalurite k\u00fclade ja liivi keeles siltidega Kolkas, koos suurmees Kri\u0161j\u0101nis Valdem\u0101rs oma kodukohaga Valdem\u0101rpil ja Kuramaa vanade laevade ehituse ajalooga Rojas muuseumis, koos helilooja Ludwig van Beethoveni s\u00f5bra Karl Amenda m\u00e4lestusm\u00e4rgiga \u0160\u0137\u0113d\u0113, koos viinamarjaistandustega Sabilas, koos kauni \u00fcheksakupliga linnaga \u2013 Talsi \u00fcllatab iga reisijat, andes v\u00f5imaluse tutvuda mitmekesise looduse, losside ja m\u00f5isatega, ronida majakatesse \u0160l\u012bter\u0113 ja M\u0113rsrag\u0101, avastada krokodillide jahtija Dandija ning Roheline Jumprava legende Dundagas, lasta end l\u00f5bustada romantilisest puhkest k\u00fclalislahketes majutustes mere \u00e4\u00e4res, maitsta sklandrau\u0161usi ja suitsutatud kogerit.<\/p>\n<p>Talsi on maakonna keskus, mille kogupindala on 2750,8 ruutkilomeetrit ja Balti mere rannikul on 95 km pikkust.<\/p>\n<p><a href=\"https:\/\/visittalsi.com\/wp-content\/uploads\/2024\/05\/Talsu_novada-karte.pdf\">Talsu maakonna kaart on saadaval siin.<\/a><\/p>\n            <\/div>\n                        \n                    <div class=\"category-wide col-12 col-md-8\">\n                                                <a data-type=\"hero\"\n                           class=\"card card-hero size-\"\n                           target=\"_self\"\n                           href=\"https:\/\/visittalsi.com\/et\/where-to-go-et\/talsi-et\/\">\n\n                                                        <figure class=\"lazyload lazy entered loaded\"\n                                    style=\"background-image: url(https:\/\/visittalsi.com\/wp-content\/uploads\/2026\/03\/Talsi-26.03-770x385.jpeg);\"\n                                    data-ll-status=\"loaded\"\n                                    data-was-processed=\"true\"><\/figure>\n                                                        <h4 class=\"entry-title card-title\">\n                                Talsi                                <span class=\"icon--arrow-next\">\u2192<\/span>\n                            <\/h4>\n                        <\/a>\n                                            <\/div>\n\n            \n                    <div class=\"category-square col-6 col-md-4\">\n                                                <a data-type=\"hero\"\n                           class=\"card card-hero size-\"\n                           target=\"_self\"\n                           href=\"https:\/\/visittalsi.com\/et\/where-to-go-et\/sabile-et\/\">\n\n                                                        <figure class=\"lazyload lazy entered loaded\"\n                                    style=\"background-image: url(https:\/\/visittalsi.com\/wp-content\/uploads\/2026\/03\/Sabile-pavasaris-380x380.jpeg);\"\n                                    data-ll-status=\"loaded\"\n                                    data-was-processed=\"true\"><\/figure>\n                                                        <h4 class=\"entry-title card-title\">\n                                Sabile                                <span class=\"icon--arrow-next\">\u2192<\/span>\n                            <\/h4>\n                        <\/a>\n                                            <\/div>\n\n            \n                    <div class=\"category-square col-6 col-md-4\">\n                                                <a data-type=\"hero\"\n                           class=\"card card-hero size-\"\n                           target=\"_self\"\n                           href=\"https:\/\/visittalsi.com\/et\/where-to-go-et\/valdemarpils-et\/\">\n\n                                                        <figure class=\"lazyload lazy entered loaded\"\n                                    style=\"background-image: url(https:\/\/visittalsi.com\/wp-content\/uploads\/2026\/03\/valdemarpils-pavasaris-380x380.jpg);\"\n                                    data-ll-status=\"loaded\"\n                                    data-was-processed=\"true\"><\/figure>\n                                                        <h4 class=\"entry-title card-title\">\n                                Valdem\u0101rpils                                <span class=\"icon--arrow-next\">\u2192<\/span>\n                            <\/h4>\n                        <\/a>\n                                            <\/div>\n\n            \n                    <div class=\"category-wide col-12 col-md-8\">\n                                                <a data-type=\"hero\"\n                           class=\"card card-hero size-\"\n                           target=\"_self\"\n                           href=\"https:\/\/visittalsi.com\/et\/where-to-go-et\/coast-et\/\">\n\n                                                        <figure class=\"lazyload lazy entered loaded\"\n                                    style=\"background-image: url(https:\/\/visittalsi.com\/wp-content\/uploads\/2023\/02\/kaltenes-klubs-7-770x385.jpeg);\"\n                                    data-ll-status=\"loaded\"\n                                    data-was-processed=\"true\"><\/figure>\n                                                        <h4 class=\"entry-title card-title\">\n                                Rannik                                <span class=\"icon--arrow-next\">\u2192<\/span>\n                            <\/h4>\n                        <\/a>\n                                            <\/div>\n\n            \n                    <div class=\"category-wide col-12 col-md-8\">\n                                                <a data-type=\"hero\"\n                           class=\"card card-hero size-\"\n                           target=\"_self\"\n                           href=\"https:\/\/visittalsi.com\/et\/where-to-go-et\/nature-objects-et\/\">\n\n                                                        <figure class=\"lazyload lazy entered loaded\"\n                                    style=\"background-image: url(https:\/\/visittalsi.com\/wp-content\/uploads\/2023\/02\/DJI_0064-770x385.jpg);\"\n                                    data-ll-status=\"loaded\"\n                                    data-was-processed=\"true\"><\/figure>\n                                                        <h4 class=\"entry-title card-title\">\n                                Loodus                                <span class=\"icon--arrow-next\">\u2192<\/span>\n                            <\/h4>\n                        <\/a>\n                                            <\/div>\n\n            \n                    <div class=\"category-square col-6 col-md-4\">\n                                                <a data-type=\"hero\"\n                           class=\"card card-hero size-\"\n                           target=\"_self\"\n                           href=\"https:\/\/visittalsi.com\/en\/where-to-go\/talsi-region-audio-guides\/\">\n\n                                                        <figure class=\"lazyload lazy entered loaded\"\n                                    style=\"background-image: url(https:\/\/visittalsi.com\/wp-content\/uploads\/2025\/01\/Talsi-region-audio-guide-1-380x380.jpg);\"\n                                    data-ll-status=\"loaded\"\n                                    data-was-processed=\"true\"><\/figure>\n                                                        <h4 class=\"entry-title card-title\">\n                                Talsi Region Audio Guides                                <span class=\"icon--arrow-next\">\u2192<\/span>\n                            <\/h4>\n                        <\/a>\n                                            <\/div>\n\n            \n        <\/div>\n    <\/div>\n<\/section>\n\n\n\n<section class=\"activities__wrapper\">\n    <div class=\"activities row\">\n                <\/div>\n\n<\/section>\n\n\n\n\n\n<section class=\"wp-block-group container\"><div class=\"wp-block-group__inner-container is-layout-flow wp-block-group-is-layout-flow\">\n<section class=\"contact-us d-none d-lg-flex row g-0 position-relative\">\n    <div class=\"contact-us__title section__title col-auto align-self-start position-absolute\">\n        <h2>Kontaktid<\/h2>\n    <\/div>\n    <div class=\"contact-us__iframe col-auto align-self-center position-absolute\">\n        <iframe src=\"https:\/\/www.google.com\/maps\/embed?pb=!1m18!1m12!1m3!1d2158.7323939426906!2d22.589430716090856!3d57.244151083453964!2m3!1f0!2f0!3f0!3m2!1i1024!2i768!4f13.1!3m3!1m2!1s0x46ee3827a1c5343b%3A0x31b8af785df9bfde!2sTalsu%20novada%20turisma%20informacijas%20centrs%20%2C%20pasvaldibas%20agentura!5e0!3m2!1sen!2slv!4v1659008365553!5m2!1sen!2slv\" width=\"800\" height=\"600\" style=\"border:0;\" allowfullscreen=\"\" loading=\"lazy\" referrerpolicy=\"no-referrer-when-downgrade\"><\/iframe>    <\/div>\n    <div class=\"contact-us__details col-auto align-self-end position-absolute\">\n        <div class=\"row g-0 p-5\">\n                                                    <div class=\"contact-us__details__title col-12 pb-2\">\n                                <h5>Talsi turismiinfokeskus<\/h5>\n                            <\/div>\n                                                                            <div class=\"contact-us__details__adress col-12 pb-2\">\n                                <span class=\"d-block\">Aadress:<\/span>\n                                <span class=\"text\">Liel\u0101 iela 19\/21, Talsi<\/span>\n                            <\/div>\n                                                                            <div class=\"contact-us__details__phone col-12 pb-2\">\n                                <span class=\"d-block\">Telefon<\/span>\n                                <a href=\"tel:+371 26469057\" title=\"T\u0101lrunis\"><span class=\"text\">+371 26469057<\/span><\/a>\n                            <\/div>\n                                                                            <div class=\"contact-us__details__email col-12 pb-2\">\n                                <span class=\"d-block\">E-post<\/span>\n                                <a href=\"mailto:tic@talsi.lv\" title=\"Epasts\"><span class=\"text\">tic@talsi.lv<\/span><\/a>\n                            <\/div>\n                        \n\n                        <div class=\"col-12\">\n                            <hr class=\"contact-us__divider pb-2\">\n                        <\/div>\n\n                        <div class=\"col-12\">\n                            <h4>T\u00f6\u00f6aeg<\/h4>\n                        <\/div>\n\n                        <div class=\"col-12\">\n\t                                                <div class=\"row pb-2\">\n                                <div class=\"col-auto text-start\" style=\"min-width: 45px;\">\n                                    <span class=\"label\">I-V<\/span>\n                                <\/div>\n                                <div class=\"col-auto text-center\" style=\"min-width: 65px;\">\n                                    9-17                                <\/div>\n                            <\/div>\n                                                    <div class=\"row pb-2\">\n                                <div class=\"col-auto text-start\" style=\"min-width: 45px;\">\n                                    <span class=\"label\">VI<\/span>\n                                <\/div>\n                                <div class=\"col-auto text-center\" style=\"min-width: 65px;\">\n                                    10-14                                <\/div>\n                            <\/div>\n                                                <\/div>\n        <\/div>\n        <span class=\"background-ornament\"><\/span>\n    <\/div>\n<\/section>\n<section class=\"contact-us d-flex d-lg-none row g-0 position-relative\">\n    <div class=\"contact-us__title section__title col-12\">\n        <h2>Kontaktid<\/h2>\n    <\/div>\n    <div class=\"contact-us__details col-12 position-relative\">\n        <div class=\"row g-0 p-5\">\n                            <div class=\"contact-us__details__title col-12 pb-2\">\n                    <h5>Talsi turismiinfokeskus<\/h5>\n                <\/div>\n                                        <div class=\"contact-us__details__adress col-12 pb-2\">\n                    <span class=\"d-block\">Aadress:<\/span>\n                    <span class=\"text\">Liel\u0101 iela 19\/21, Talsi<\/span>\n                <\/div>\n                                        <div class=\"contact-us__details__phone col-12 pb-2\">\n                    <span class=\"d-block\">Telefon<\/span>\n                    <a href=\"tel:+371 26469057\" title=\"T\u0101lrunis\"><span class=\"text\">+371 26469057<\/span><\/a>\n                <\/div>\n                                        <div class=\"contact-us__details__email col-12 pb-2\">\n                    <span class=\"d-block\">E-post<\/span>\n                    <a href=\"mailto:tic@talsi.lv\" title=\"Epasts\"><span class=\"text\">tic@talsi.lv<\/span><\/a>\n                <\/div>\n            \n\n            <div class=\"col-12\">\n                <hr class=\"contact-us__divider pb-2\">\n            <\/div>\n\n            <div class=\"col-12\">\n                <h4>T\u00f6\u00f6aeg<\/h4>\n            <\/div>\n\n            <div class=\"col-12\">\n                \t                <div class=\"row pb-2\">\n\t                    <div class=\"col-auto text-start\" style=\"min-width: 45px;\">\n\t                        <span class=\"label\">I-V<\/span>\n\t                    <\/div>\n\t                    <div class=\"col-auto text-center\" style=\"min-width: 65px;\">\n\t                        9-17\t                    <\/div>\n\t                <\/div>\n                \t                <div class=\"row pb-2\">\n\t                    <div class=\"col-auto text-start\" style=\"min-width: 45px;\">\n\t                        <span class=\"label\">VI<\/span>\n\t                    <\/div>\n\t                    <div class=\"col-auto text-center\" style=\"min-width: 65px;\">\n\t                        10-14\t                    <\/div>\n\t                <\/div>\n                            <\/div>\n        <\/div>\n        <span class=\"background-ornament\"><\/span>\n    <\/div>\n    <div class=\"contact-us__iframe col-12\">\n        <iframe src=\"https:\/\/www.google.com\/maps\/embed?pb=!1m18!1m12!1m3!1d2158.7323939426906!2d22.589430716090856!3d57.244151083453964!2m3!1f0!2f0!3f0!3m2!1i1024!2i768!4f13.1!3m3!1m2!1s0x46ee3827a1c5343b%3A0x31b8af785df9bfde!2sTalsu%20novada%20turisma%20informacijas%20centrs%20%2C%20pasvaldibas%20agentura!5e0!3m2!1sen!2slv!4v1659008365553!5m2!1sen!2slv\" width=\"800\" height=\"600\" style=\"border:0;\" allowfullscreen=\"\" loading=\"lazy\" referrerpolicy=\"no-referrer-when-downgrade\"><\/iframe>    <\/div>\n<\/section>\n<\/div><\/section>\n\n\n<section class=\"partners__carousel\">\n    <div class=\"sponsors marquee3k\">\n        <div class=\"sponsors-wrapp\">\n                                <div class=\"sponsor\">\n                        <a href=\"https:\/\/www.latvia.travel\/lv, https:\/\/www.latvia.travel\/et, _blank\" class=\"sponsors-link\" target=\"_blank\">\n                            <img decoding=\"async\" src=\"https:\/\/visittalsi.com\/wp-content\/uploads\/2024\/06\/Mission_Latvia_logo_h-scaled.jpg\" alt=\"\" class=\"img-fluid\">\n                        <\/a>\n                    <\/div>\n                                    <div class=\"sponsor\">\n                        <a href=\"http:\/\/www.kurzeme.lv\/lv\/, http:\/\/www.kurzeme.lv\/lv\/, _blank\" class=\"sponsors-link\" target=\"_blank\">\n                            <img decoding=\"async\" src=\"https:\/\/visittalsi.com\/wp-content\/uploads\/2019\/10\/logo-kurzemes-turisma-asoc.png\" alt=\"\" class=\"img-fluid\">\n                        <\/a>\n                    <\/div>\n                                    <div class=\"sponsor\">\n                        <a href=\", https:\/\/www.talsunovads.lv\/lv, _blank\" class=\"sponsors-link\" target=\"_blank\">\n                            <img decoding=\"async\" src=\"https:\/\/visittalsi.com\/wp-content\/uploads\/2019\/10\/logo-talsi@2x.jpg\" alt=\"\" class=\"img-fluid\">\n                        <\/a>\n                    <\/div>\n                                    <div class=\"sponsor\">\n                        <a href=\"http:\/\/www.tautasnams.lv\/lv\/pasakumi\/, http:\/\/www.tautasnams.lv\/lv\/pasakumi\/, _blank\" class=\"sponsors-link\" target=\"_blank\">\n                            <img decoding=\"async\" src=\"https:\/\/visittalsi.com\/wp-content\/uploads\/2019\/12\/ttn-logo.jpg\" alt=\"\" class=\"img-fluid\">\n                        <\/a>\n                    <\/div>\n                        <\/div>\n    <\/div>\n\n<\/section>\n","protected":false},"excerpt":{"rendered":"","protected":false},"author":1,"featured_media":0,"parent":0,"menu_order":50,"comment_status":"closed","ping_status":"closed","template":"","meta":{"_acf_changed":false,"_relevanssi_hide_post":"","_relevanssi_pin_for_all":"","_relevanssi_pin_keywords":"","_relevanssi_unpin_keywords":"","_relevanssi_related_keywords":"","_relevanssi_related_include_ids":"","_relevanssi_related_exclude_ids":"","_relevanssi_related_no_append":"","_relevanssi_related_not_related":"","_relevanssi_related_posts":"74433,101934,54085,80340,81213,105272,84759,73492","_relevanssi_noindex_reason":"","inline_featured_image":false,"_monsterinsights_skip_tracking":false,"_monsterinsights_sitenote_active":false,"_monsterinsights_sitenote_note":"","_monsterinsights_sitenote_category":0,"_vp_format_video_url":"","_vp_image_focal_point":[],"footnotes":""},"class_list":["post-2377","page","type-page","status-publish","hentry"],"acf":[],"aioseo_notices":[],"_links":{"self":[{"href":"https:\/\/visittalsi.com\/et\/wp-json\/wp\/v2\/pages\/2377","targetHints":{"allow":["GET"]}}],"collection":[{"href":"https:\/\/visittalsi.com\/et\/wp-json\/wp\/v2\/pages"}],"about":[{"href":"https:\/\/visittalsi.com\/et\/wp-json\/wp\/v2\/types\/page"}],"author":[{"embeddable":true,"href":"https:\/\/visittalsi.com\/et\/wp-json\/wp\/v2\/users\/1"}],"replies":[{"embeddable":true,"href":"https:\/\/visittalsi.com\/et\/wp-json\/wp\/v2\/comments?post=2377"}],"version-history":[{"count":149,"href":"https:\/\/visittalsi.com\/et\/wp-json\/wp\/v2\/pages\/2377\/revisions"}],"predecessor-version":[{"id":110836,"href":"https:\/\/visittalsi.com\/et\/wp-json\/wp\/v2\/pages\/2377\/revisions\/110836"}],"wp:attachment":[{"href":"https:\/\/visittalsi.com\/et\/wp-json\/wp\/v2\/media?parent=2377"}],"curies":[{"name":"wp","href":"https:\/\/api.w.org\/{rel}","templated":true}]}}