{"id":109346,"date":"2025-12-09T10:36:34","date_gmt":"2025-12-09T08:36:34","guid":{"rendered":"https:\/\/visittalsi.com\/sikdatnes\/"},"modified":"2025-12-09T14:18:45","modified_gmt":"2025-12-09T12:18:45","slug":"cookies","status":"publish","type":"page","link":"https:\/\/visittalsi.com\/et\/kasulik\/cookies\/","title":{"rendered":"Cookies"},"content":{"rendered":"\n<p>Talsi valla kodulehel kasutatakse k\u00fcpsiseid (\u201ecookies\u201c), et parandada veebisaidi kasutajakogemust, tagada kvaliteet ja tagada saidi korrektne toimimine.<\/p>\n\n\n\n<p>K\u00fcpsis (\u201ecookie\u201c) on v\u00e4ike tekstifail, mis saadetakse ja salvestatakse teie arvutisse v\u00f5i mobiilseadmesse veebisaidi k\u00fclastamise ajal. Veebisait salvestab selle teie arvutisse v\u00f5i seadmesse, kui avate saidi. Iga j\u00e4rgmisel k\u00fclastusel saadetakse k\u00fcpsised tagasi p\u00e4ritolusaidile v\u00f5i kolmanda osapoole saidile, mis tuvastab vastava k\u00fcpsise ja v\u00f5imaldab veebisaidil meeles pidada kasutaja valitud seadeid j\u00e4rgmisteks k\u00fclastusteks, et neid ei oleks vaja iga kord uuesti m\u00e4\u00e4rata.<\/p>\n\n\n\n<p>Lisateavet k\u00fcpsiste kohta leiate veebisaidilt&nbsp;<a href=\"https:\/\/www.aboutcookies.org\/\">https:\/\/www.aboutcookies.org\/<\/a>. K\u00fcpsiseid ei kasutata teie isiklikuks tuvastamiseks.<\/p>\n\n\n\n<p>Talsi linna kodulehel&nbsp;<a href=\"http:\/\/www.visittalsi.com\/\">www.visittalsi.com<\/a>&nbsp;kasutatakse j\u00e4rgmisi k\u00fcpsiseid koos s\u00e4ilitamise kestusega:<\/p>\n\n\n\n<figure class=\"wp-block-table\"><table class=\"has-fixed-layout\"><tbody><tr><td><strong>K\u00fcpsis<\/strong><\/td><td><strong>T\u00f6\u00f6riist<\/strong><\/td><td><strong>Domeen<\/strong><\/td><td><strong>T\u00fc\u00fcp<\/strong><\/td><td><strong>S\u00e4ilitamise kestus<\/strong><\/td><\/tr><tr><td>_ga<\/td><td>Google Analytics<\/td><td>.visittalsi.com<\/td><td>Esmakordne k\u00fcpsis<\/td><td>2 aastat<\/td><\/tr><tr><td>_ga_xxxx<\/td><td>Google Analytics<\/td><td>.visittalsi.com<\/td><td>Esmakordne k\u00fcpsis<\/td><td>Kehtib ainult praeguse sessiooni jooksul ja kustutatakse brauseri sulgemisel<\/td><\/tr><tr><td>wp-wpml_current_langu<\/td><td>N\/a<\/td><td>.visittalsi.com<\/td><td>Saidik\u00fcpsis<\/td><td>Kehtib ainult praeguse sessiooni jooksul ja kustutatakse brauseri sulgemisel<\/td><\/tr><\/tbody><\/table><\/figure>\n\n\n\n<p><em>* &#8211; Esmakordsed k\u00fcpsised salvestatakse meie veebisaidi infrastruktuuris. Neid saab tuvastada meie veebisaidi domeeni j\u00e4rgi.<\/em><\/p>\n\n\n\n<p>Kui teil on k\u00fcsimusi, ettepanekuid v\u00f5i kaebusi selle kohta, kuidas me teie k\u00fcpsiseid t\u00f6\u00f6tleme ja kasutame, palun v\u00f5tke meiega \u00fchendust.<\/p>\n","protected":false},"excerpt":{"rendered":"<p>Talsi valla kodulehel kasutatakse k\u00fcpsiseid (\u201ecookies\u201c), et parandada veebisaidi kasutajakogemust, tagada kvaliteet ja tagada saidi korrektne toimimine. K\u00fcpsis (\u201ecookie\u201c) on v\u00e4ike tekstifail, mis saadetakse ja salvestatakse teie arvutisse v\u00f5i mobiilseadmesse veebisaidi k\u00fclastamise ajal. Veebisait salvestab selle teie arvutisse v\u00f5i seadmesse, kui avate saidi. Iga j\u00e4rgmisel k\u00fclastusel saadetakse k\u00fcpsised tagasi p\u00e4ritolusaidile v\u00f5i kolmanda osapoole saidile, mis [&hellip;]<\/p>\n","protected":false},"author":1,"featured_media":0,"parent":109362,"menu_order":48,"comment_status":"closed","ping_status":"closed","template":"page-nosidebar.php","meta":{"_acf_changed":false,"_relevanssi_hide_post":"","_relevanssi_pin_for_all":"","_relevanssi_pin_keywords":"","_relevanssi_unpin_keywords":"","_relevanssi_related_keywords":"","_relevanssi_related_include_ids":"","_relevanssi_related_exclude_ids":"","_relevanssi_related_no_append":"","_relevanssi_related_not_related":"","_relevanssi_related_posts":"63382,55481,69803,52221,68921,59290,61352,81810","_relevanssi_noindex_reason":"","inline_featured_image":false,"_monsterinsights_skip_tracking":false,"_monsterinsights_sitenote_active":false,"_monsterinsights_sitenote_note":"","_monsterinsights_sitenote_category":0,"_vp_format_video_url":"","_vp_image_focal_point":[],"footnotes":""},"class_list":["post-109346","page","type-page","status-publish","hentry"],"acf":[],"aioseo_notices":[],"_links":{"self":[{"href":"https:\/\/visittalsi.com\/et\/wp-json\/wp\/v2\/pages\/109346","targetHints":{"allow":["GET"]}}],"collection":[{"href":"https:\/\/visittalsi.com\/et\/wp-json\/wp\/v2\/pages"}],"about":[{"href":"https:\/\/visittalsi.com\/et\/wp-json\/wp\/v2\/types\/page"}],"author":[{"embeddable":true,"href":"https:\/\/visittalsi.com\/et\/wp-json\/wp\/v2\/users\/1"}],"replies":[{"embeddable":true,"href":"https:\/\/visittalsi.com\/et\/wp-json\/wp\/v2\/comments?post=109346"}],"version-history":[{"count":6,"href":"https:\/\/visittalsi.com\/et\/wp-json\/wp\/v2\/pages\/109346\/revisions"}],"predecessor-version":[{"id":109388,"href":"https:\/\/visittalsi.com\/et\/wp-json\/wp\/v2\/pages\/109346\/revisions\/109388"}],"up":[{"embeddable":true,"href":"https:\/\/visittalsi.com\/et\/wp-json\/wp\/v2\/pages\/109362"}],"wp:attachment":[{"href":"https:\/\/visittalsi.com\/et\/wp-json\/wp\/v2\/media?parent=109346"}],"curies":[{"name":"wp","href":"https:\/\/api.w.org\/{rel}","templated":true}]}}