{"id":2443,"date":"2019-11-02T19:42:56","date_gmt":"2019-11-02T17:42:56","guid":{"rendered":"http:\/\/visittalsi.com\/talsu-tic\/pakalpojumi\/"},"modified":"2020-06-12T16:37:13","modified_gmt":"2020-06-12T13:37:13","slug":"dienstleistungen","status":"publish","type":"page","link":"https:\/\/visittalsi.com\/de\/touristeninformation-von-talsi\/dienstleistungen\/","title":{"rendered":"Dienstleistungen"},"content":{"rendered":"\n<p><strong>Dienstleistungen:<\/strong><\/p>\n\n\n\n<ul class=\"wp-block-list\"><li><strong>Touristische Informationen&nbsp;\u00fcber&nbsp;Talsi, Region und&nbsp;Lettland<\/strong><\/li><li><strong>Reiseleitung&nbsp;in Talsi, Kurzeme&nbsp;und Lettland<\/strong><\/li><li><strong>Reisepaket&nbsp;Buchungs<\/strong><\/li><li><strong>Visa f\u00fcr&nbsp;Russland, Wei\u00dfrussland,&nbsp;Ukraine<\/strong><\/li><li><strong>F\u00e4hre, Bus-und&nbsp;Flugtickets<\/strong><\/li><li><strong>Souvenirs<\/strong><\/li><\/ul>\n\n\n\n<figure class=\"wp-block-image size-large\"><img loading=\"lazy\" decoding=\"async\" width=\"1500\" height=\"1125\" src=\"https:\/\/visittalsi.com\/wp-content\/uploads\/2020\/06\/Tic--1500x1125.jpg\" alt=\"\" class=\"wp-image-53365\" srcset=\"https:\/\/visittalsi.com\/wp-content\/uploads\/2020\/06\/Tic--1500x1125.jpg 1500w, https:\/\/visittalsi.com\/wp-content\/uploads\/2020\/06\/Tic--600x450.jpg 600w, https:\/\/visittalsi.com\/wp-content\/uploads\/2020\/06\/Tic--768x576.jpg 768w, https:\/\/visittalsi.com\/wp-content\/uploads\/2020\/06\/Tic--1536x1152.jpg 1536w, https:\/\/visittalsi.com\/wp-content\/uploads\/2020\/06\/Tic--2048x1536.jpg 2048w\" sizes=\"auto, (max-width: 1500px) 100vw, 1500px\" \/><\/figure>\n","protected":false},"excerpt":{"rendered":"<p>Dienstleistungen: Touristische Informationen&nbsp;\u00fcber&nbsp;Talsi, Region und&nbsp;Lettland Reiseleitung&nbsp;in Talsi, Kurzeme&nbsp;und Lettland Reisepaket&nbsp;Buchungs Visa f\u00fcr&nbsp;Russland, Wei\u00dfrussland,&nbsp;Ukraine F\u00e4hre, Bus-und&nbsp;Flugtickets Souvenirs<\/p>\n","protected":false},"author":1,"featured_media":0,"parent":2388,"menu_order":18,"comment_status":"closed","ping_status":"closed","template":"content-template.php","meta":{"_acf_changed":false,"_relevanssi_hide_post":"","_relevanssi_pin_for_all":"","_relevanssi_pin_keywords":"","_relevanssi_unpin_keywords":"","_relevanssi_related_keywords":"","_relevanssi_related_include_ids":"","_relevanssi_related_exclude_ids":"","_relevanssi_related_no_append":"","_relevanssi_related_not_related":"","_relevanssi_related_posts":"","_relevanssi_noindex_reason":"","inline_featured_image":false,"_monsterinsights_skip_tracking":false,"_monsterinsights_sitenote_active":false,"_monsterinsights_sitenote_note":"","_monsterinsights_sitenote_category":0,"_vp_format_video_url":"","_vp_image_focal_point":[],"footnotes":""},"class_list":["post-2443","page","type-page","status-publish","hentry"],"acf":[],"aioseo_notices":[],"_links":{"self":[{"href":"https:\/\/visittalsi.com\/de\/wp-json\/wp\/v2\/pages\/2443","targetHints":{"allow":["GET"]}}],"collection":[{"href":"https:\/\/visittalsi.com\/de\/wp-json\/wp\/v2\/pages"}],"about":[{"href":"https:\/\/visittalsi.com\/de\/wp-json\/wp\/v2\/types\/page"}],"author":[{"embeddable":true,"href":"https:\/\/visittalsi.com\/de\/wp-json\/wp\/v2\/users\/1"}],"replies":[{"embeddable":true,"href":"https:\/\/visittalsi.com\/de\/wp-json\/wp\/v2\/comments?post=2443"}],"version-history":[{"count":3,"href":"https:\/\/visittalsi.com\/de\/wp-json\/wp\/v2\/pages\/2443\/revisions"}],"predecessor-version":[{"id":53369,"href":"https:\/\/visittalsi.com\/de\/wp-json\/wp\/v2\/pages\/2443\/revisions\/53369"}],"up":[{"embeddable":true,"href":"https:\/\/visittalsi.com\/de\/wp-json\/wp\/v2\/pages\/2388"}],"wp:attachment":[{"href":"https:\/\/visittalsi.com\/de\/wp-json\/wp\/v2\/media?parent=2443"}],"curies":[{"name":"wp","href":"https:\/\/api.w.org\/{rel}","templated":true}]}}