{"id":2378,"date":"2019-10-10T18:55:36","date_gmt":"2019-10-10T15:55:36","guid":{"rendered":"http:\/\/visittalsi.com\/sakums\/"},"modified":"2026-03-31T17:03:55","modified_gmt":"2026-03-31T14:03:55","slug":"sakums","status":"publish","type":"page","link":"https:\/\/visittalsi.com\/de\/","title":{"rendered":"Startseite"},"content":{"rendered":"<section class=\"activities__wrapper\">\n    <div class=\"activities row\">\n                <\/div>\n\n<\/section>\n\n\n\n<section data-type=\"visittalsi\" class=\"hero-cards\">\n    <div class=\"container p-0\">\n        <div class=\"row\">\n            <h2 class=\"col-12\">Sp\u00fcren die Natur, genie\u00dfen die Kultur<\/h2>\n                        <div class=\"frontpage-about\">\n\t            <div class=\"line\"><\/div>\n\t            <div class=\"flex flex-grow flex-col max-w-full\">\n<div class=\"min-h-[20px] text-message flex flex-col items-start whitespace-pre-wrap break-words [.text-message+&amp;]:mt-5 juice:w-full juice:items-end overflow-x-auto gap-2\" dir=\"auto\" data-message-author-role=\"assistant\" data-message-id=\"fa1c11ea-22d9-4927-a01c-3b32019a60b4\">\n<div class=\"flex w-full flex-col gap-1 juice:empty:hidden juice:first:pt-[3px]\">\n<div class=\"markdown prose w-full break-words dark:prose-invert light\"><\/div>\n<\/div>\n<\/div>\n<\/div>\n<div class=\"mt-1 flex gap-3 empty:hidden juice:-ml-3\">\n<div class=\"items-center justify-start rounded-xl p-1 flex\">\n<div class=\"flex items-center\">Nordkurzeme (Kurzeme) \u2013 es ist die pr\u00e4chtige Region Talsi, die es wert ist, von jedem Reisenden erkundet zu werden. Eine Region, in der Reisende bequem Ausfl\u00fcge in die sch\u00f6nen St\u00e4dte Talsi, Sabile und Valdem\u0101rpils mit der wilden Natur des Sl\u012btere-Naturparks, dem geheimnisvollen Dundaga-Palast, dem Gutshaus Nurmui\u017ea, der Valdgale-M\u00fchle und zahlreichen Erholungsm\u00f6glichkeiten an der K\u00fcste der Ostsee und des Rigaer Meerbusens mit den pr\u00e4chtigen Sonnenunterg\u00e4ngen am Kap Kolka oder vom M\u0113rsrags-Leuchtturm kombinieren k\u00f6nnen. Eine Region, die mit den einzigartigen Erinnerungen an die Freundschaft zwischen dem Pfarrer der Talsi-Kirche Karl Ferdinand Amenda und dem Komponisten Ludwig van Beethoven sowie mit den Liiv-Fischerd\u00f6rfern mit den erhaltenen alten Traditionen, der Sprache und dem kulinarischen Erbe entlang der K\u00fcste und mit der Geschichte der alten Seefahrtschulen und des Schiffbaus in Roja \u00fcberrascht.<\/div>\n<\/div>\n<\/div>\n<div><\/div>\n<div><a href=\"https:\/\/visittalsi.com\/wp-content\/uploads\/2024\/05\/Talsu_novada-karte.pdf\">Talsi ist das Zentrum des Kreises. Sehen Sie sich hier die Karte des gesamten Landkreises.<\/a><\/div>\n            <\/div>\n                        \n                    <div class=\"category-wide col-12 col-md-8\">\n                                                <a data-type=\"hero\"\n                           class=\"card card-hero size-\"\n                           target=\"_self\"\n                           href=\"https:\/\/visittalsi.com\/de\/wo-hin\/talsi-de\">\n\n                                                        <figure class=\"lazyload lazy entered loaded\"\n                                    style=\"background-image: url(https:\/\/visittalsi.com\/wp-content\/uploads\/2026\/03\/Talsi-26.03-770x385.jpeg);\"\n                                    data-ll-status=\"loaded\"\n                                    data-was-processed=\"true\"><\/figure>\n                                                        <h4 class=\"entry-title card-title\">\n                                Talsi                                <span class=\"icon--arrow-next\">\u2192<\/span>\n                            <\/h4>\n                        <\/a>\n                                            <\/div>\n\n            \n                    <div class=\"category-square col-6 col-md-4\">\n                                                <a data-type=\"hero\"\n                           class=\"card card-hero size-\"\n                           target=\"_self\"\n                           href=\"https:\/\/visittalsi.com\/de\/wo-hin\/abavas-senleja-de\/\">\n\n                                                        <figure class=\"lazyload lazy entered loaded\"\n                                    style=\"background-image: url(https:\/\/visittalsi.com\/wp-content\/uploads\/2026\/03\/Sabile-pavasaris-380x380.jpeg);\"\n                                    data-ll-status=\"loaded\"\n                                    data-was-processed=\"true\"><\/figure>\n                                                        <h4 class=\"entry-title card-title\">\n                                Sabile                                <span class=\"icon--arrow-next\">\u2192<\/span>\n                            <\/h4>\n                        <\/a>\n                                            <\/div>\n\n            \n                    <div class=\"category-square col-6 col-md-4\">\n                                                <a data-type=\"hero\"\n                           class=\"card card-hero size-\"\n                           target=\"_self\"\n                           href=\"https:\/\/visittalsi.com\/de\/wo-hin\/valdemarpils-de\/\">\n\n                                                        <figure class=\"lazyload lazy entered loaded\"\n                                    style=\"background-image: url(https:\/\/visittalsi.com\/wp-content\/uploads\/2026\/03\/valdemarpils-pavasaris-380x380.jpg);\"\n                                    data-ll-status=\"loaded\"\n                                    data-was-processed=\"true\"><\/figure>\n                                                        <h4 class=\"entry-title card-title\">\n                                Valdem\u0101rpils                                <span class=\"icon--arrow-next\">\u2192<\/span>\n                            <\/h4>\n                        <\/a>\n                                            <\/div>\n\n            \n                    <div class=\"category-wide col-12 col-md-8\">\n                                                <a data-type=\"hero\"\n                           class=\"card card-hero size-\"\n                           target=\"_self\"\n                           href=\"https:\/\/visittalsi.com\/de\/wo-hin\/kueste\/\">\n\n                                                        <figure class=\"lazyload lazy entered loaded\"\n                                    style=\"background-image: url(https:\/\/visittalsi.com\/wp-content\/uploads\/2026\/03\/Roja-pavasaris-770x385.jpg);\"\n                                    data-ll-status=\"loaded\"\n                                    data-was-processed=\"true\"><\/figure>\n                                                        <h4 class=\"entry-title card-title\">\n                                K\u00fcste                                <span class=\"icon--arrow-next\">\u2192<\/span>\n                            <\/h4>\n                        <\/a>\n                                            <\/div>\n\n            \n                    <div class=\"category-wide col-12 col-md-8\">\n                                                <a data-type=\"hero\"\n                           class=\"card card-hero size-\"\n                           target=\"_self\"\n                           href=\"https:\/\/visittalsi.com\/de\/ko-redzet\/naturobjekte\/\">\n\n                                                        <figure class=\"lazyload lazy entered loaded\"\n                                    style=\"background-image: url(https:\/\/visittalsi.com\/wp-content\/uploads\/2023\/02\/Sliteres.dabas_.taka_-770x385.jpg);\"\n                                    data-ll-status=\"loaded\"\n                                    data-was-processed=\"true\"><\/figure>\n                                                        <h4 class=\"entry-title card-title\">\n                                Naturobjekte                                <span class=\"icon--arrow-next\">\u2192<\/span>\n                            <\/h4>\n                        <\/a>\n                                            <\/div>\n\n            \n                    <div class=\"category-square col-6 col-md-4\">\n                                                <a data-type=\"hero\"\n                           class=\"card card-hero size-\"\n                           target=\"_self\"\n                           href=\"https:\/\/visittalsi.com\/en\/where-to-go\/talsi-region-audio-guides\/\">\n\n                                                        <figure class=\"lazyload lazy entered loaded\"\n                                    style=\"background-image: url(https:\/\/visittalsi.com\/wp-content\/uploads\/2025\/01\/Talsi-region-audio-guide-1-380x380.jpg);\"\n                                    data-ll-status=\"loaded\"\n                                    data-was-processed=\"true\"><\/figure>\n                                                        <h4 class=\"entry-title card-title\">\n                                Talsi Region Audio Guides                                <span class=\"icon--arrow-next\">\u2192<\/span>\n                            <\/h4>\n                        <\/a>\n                                            <\/div>\n\n            \n        <\/div>\n    <\/div>\n<\/section>\n\n\n\n\n\n\n<section class=\"wp-block-group container\"><div class=\"wp-block-group__inner-container is-layout-flow wp-block-group-is-layout-flow\">\n<section class=\"contact-us d-none d-lg-flex row g-0 position-relative\">\n    <div class=\"contact-us__title section__title col-auto align-self-start position-absolute\">\n        <h2>Kontakte<\/h2>\n    <\/div>\n    <div class=\"contact-us__iframe col-auto align-self-center position-absolute\">\n        <iframe src=\"https:\/\/www.google.com\/maps\/embed?pb=!1m18!1m12!1m3!1d2158.7323939426906!2d22.589430716090856!3d57.244151083453964!2m3!1f0!2f0!3f0!3m2!1i1024!2i768!4f13.1!3m3!1m2!1s0x46ee3827a1c5343b%3A0x31b8af785df9bfde!2sTalsu%20novada%20turisma%20informacijas%20centrs%20%2C%20pasvaldibas%20agentura!5e0!3m2!1sen!2slv!4v1659008365553!5m2!1sen!2slv\" width=\"800\" height=\"600\" style=\"border:0;\" allowfullscreen=\"\" loading=\"lazy\" referrerpolicy=\"no-referrer-when-downgrade\"><\/iframe>    <\/div>\n    <div class=\"contact-us__details col-auto align-self-end position-absolute\">\n        <div class=\"row g-0 p-5\">\n                                                    <div class=\"contact-us__details__title col-12 pb-2\">\n                                <h5>Touiristeninformation des Kreises Talsi<\/h5>\n                            <\/div>\n                                                                            <div class=\"contact-us__details__adress col-12 pb-2\">\n                                <span class=\"d-block\">Adresse:<\/span>\n                                <span class=\"text\">Liel\u0101 iela 19\/21, Talsi<\/span>\n                            <\/div>\n                                                                            <div class=\"contact-us__details__phone col-12 pb-2\">\n                                <span class=\"d-block\">Telefon<\/span>\n                                <a href=\"tel:+371 26469057\" title=\"T\u0101lrunis\"><span class=\"text\">+371 26469057<\/span><\/a>\n                            <\/div>\n                                                                            <div class=\"contact-us__details__email col-12 pb-2\">\n                                <span class=\"d-block\">Email<\/span>\n                                <a href=\"mailto:tic@talsi.lv\" title=\"Epasts\"><span class=\"text\">tic@talsi.lv<\/span><\/a>\n                            <\/div>\n                        \n\n                        <div class=\"col-12\">\n                            <hr class=\"contact-us__divider pb-2\">\n                        <\/div>\n\n                        <div class=\"col-12\">\n                            <h4> Arbeitszeit<\/h4>\n                        <\/div>\n\n                        <div class=\"col-12\">\n\t                                                <div class=\"row pb-2\">\n                                <div class=\"col-auto text-start\" style=\"min-width: 45px;\">\n                                    <span class=\"label\">I-V<\/span>\n                                <\/div>\n                                <div class=\"col-auto text-center\" style=\"min-width: 65px;\">\n                                    9-17                                <\/div>\n                            <\/div>\n                                                    <div class=\"row pb-2\">\n                                <div class=\"col-auto text-start\" style=\"min-width: 45px;\">\n                                    <span class=\"label\">VI<\/span>\n                                <\/div>\n                                <div class=\"col-auto text-center\" style=\"min-width: 65px;\">\n                                    10-14                                <\/div>\n                            <\/div>\n                                                <\/div>\n        <\/div>\n        <span class=\"background-ornament\"><\/span>\n    <\/div>\n<\/section>\n<section class=\"contact-us d-flex d-lg-none row g-0 position-relative\">\n    <div class=\"contact-us__title section__title col-12\">\n        <h2>Kontakte<\/h2>\n    <\/div>\n    <div class=\"contact-us__details col-12 position-relative\">\n        <div class=\"row g-0 p-5\">\n                            <div class=\"contact-us__details__title col-12 pb-2\">\n                    <h5>Touiristeninformation des Kreises Talsi<\/h5>\n                <\/div>\n                                        <div class=\"contact-us__details__adress col-12 pb-2\">\n                    <span class=\"d-block\">Adresse:<\/span>\n                    <span class=\"text\">Liel\u0101 iela 19\/21, Talsi<\/span>\n                <\/div>\n                                        <div class=\"contact-us__details__phone col-12 pb-2\">\n                    <span class=\"d-block\">Telefon<\/span>\n                    <a href=\"tel:+371 26469057\" title=\"T\u0101lrunis\"><span class=\"text\">+371 26469057<\/span><\/a>\n                <\/div>\n                                        <div class=\"contact-us__details__email col-12 pb-2\">\n                    <span class=\"d-block\">Email<\/span>\n                    <a href=\"mailto:tic@talsi.lv\" title=\"Epasts\"><span class=\"text\">tic@talsi.lv<\/span><\/a>\n                <\/div>\n            \n\n            <div class=\"col-12\">\n                <hr class=\"contact-us__divider pb-2\">\n            <\/div>\n\n            <div class=\"col-12\">\n                <h4> Arbeitszeit<\/h4>\n            <\/div>\n\n            <div class=\"col-12\">\n                \t                <div class=\"row pb-2\">\n\t                    <div class=\"col-auto text-start\" style=\"min-width: 45px;\">\n\t                        <span class=\"label\">I-V<\/span>\n\t                    <\/div>\n\t                    <div class=\"col-auto text-center\" style=\"min-width: 65px;\">\n\t                        9-17\t                    <\/div>\n\t                <\/div>\n                \t                <div class=\"row pb-2\">\n\t                    <div class=\"col-auto text-start\" style=\"min-width: 45px;\">\n\t                        <span class=\"label\">VI<\/span>\n\t                    <\/div>\n\t                    <div class=\"col-auto text-center\" style=\"min-width: 65px;\">\n\t                        10-14\t                    <\/div>\n\t                <\/div>\n                            <\/div>\n        <\/div>\n        <span class=\"background-ornament\"><\/span>\n    <\/div>\n    <div class=\"contact-us__iframe col-12\">\n        <iframe src=\"https:\/\/www.google.com\/maps\/embed?pb=!1m18!1m12!1m3!1d2158.7323939426906!2d22.589430716090856!3d57.244151083453964!2m3!1f0!2f0!3f0!3m2!1i1024!2i768!4f13.1!3m3!1m2!1s0x46ee3827a1c5343b%3A0x31b8af785df9bfde!2sTalsu%20novada%20turisma%20informacijas%20centrs%20%2C%20pasvaldibas%20agentura!5e0!3m2!1sen!2slv!4v1659008365553!5m2!1sen!2slv\" width=\"800\" height=\"600\" style=\"border:0;\" allowfullscreen=\"\" loading=\"lazy\" referrerpolicy=\"no-referrer-when-downgrade\"><\/iframe>    <\/div>\n<\/section>\n<\/div><\/section>\n\n\n<section class=\"partners__carousel\">\n    <div class=\"sponsors marquee3k\">\n        <div class=\"sponsors-wrapp\">\n                                <div class=\"sponsor\">\n                        <a href=\", https:\/\/www.latvia.travel\/de, \" class=\"sponsors-link\" target=\"_blank\">\n                            <img decoding=\"async\" src=\"https:\/\/visittalsi.com\/wp-content\/uploads\/2024\/06\/Mission_Latvia_logo_h-scaled.jpg\" alt=\"\" class=\"img-fluid\">\n                        <\/a>\n                    <\/div>\n                                    <div class=\"sponsor\">\n                        <a href=\", http:\/\/www.kurzeme.lv\/, \" class=\"sponsors-link\" target=\"_blank\">\n                            <img decoding=\"async\" src=\"https:\/\/visittalsi.com\/wp-content\/uploads\/2019\/10\/logo-kurzemes-turisma-asoc.png\" alt=\"\" class=\"img-fluid\">\n                        <\/a>\n                    <\/div>\n                                    <div class=\"sponsor\">\n                        <a href=\", https:\/\/talsi.lv\/, \" class=\"sponsors-link\" target=\"_blank\">\n                            <img decoding=\"async\" src=\"https:\/\/visittalsi.com\/wp-content\/uploads\/2019\/10\/logo-talsi@2x.jpg\" alt=\"\" class=\"img-fluid\">\n                        <\/a>\n                    <\/div>\n                                    <div class=\"sponsor\">\n                        <a href=\", https:\/\/www.tautasnams.lv\/, \" class=\"sponsors-link\" target=\"_blank\">\n                            <img decoding=\"async\" src=\"https:\/\/visittalsi.com\/wp-content\/uploads\/2019\/12\/ttn-logo.jpg\" alt=\"\" class=\"img-fluid\">\n                        <\/a>\n                    <\/div>\n                        <\/div>\n    <\/div>\n\n<\/section>\n","protected":false},"excerpt":{"rendered":"","protected":false},"author":1,"featured_media":0,"parent":0,"menu_order":50,"comment_status":"closed","ping_status":"closed","template":"","meta":{"_acf_changed":false,"_relevanssi_hide_post":"","_relevanssi_pin_for_all":"","_relevanssi_pin_keywords":"","_relevanssi_unpin_keywords":"","_relevanssi_related_keywords":"","_relevanssi_related_include_ids":"","_relevanssi_related_exclude_ids":"","_relevanssi_related_no_append":"","_relevanssi_related_not_related":"","_relevanssi_related_posts":"81128,102021,62328,66975,67083,105317,66738,103156","_relevanssi_noindex_reason":"","inline_featured_image":false,"_monsterinsights_skip_tracking":false,"_monsterinsights_sitenote_active":false,"_monsterinsights_sitenote_note":"","_monsterinsights_sitenote_category":0,"_vp_format_video_url":"","_vp_image_focal_point":[],"footnotes":""},"class_list":["post-2378","page","type-page","status-publish","hentry"],"acf":[],"aioseo_notices":[],"_links":{"self":[{"href":"https:\/\/visittalsi.com\/de\/wp-json\/wp\/v2\/pages\/2378","targetHints":{"allow":["GET"]}}],"collection":[{"href":"https:\/\/visittalsi.com\/de\/wp-json\/wp\/v2\/pages"}],"about":[{"href":"https:\/\/visittalsi.com\/de\/wp-json\/wp\/v2\/types\/page"}],"author":[{"embeddable":true,"href":"https:\/\/visittalsi.com\/de\/wp-json\/wp\/v2\/users\/1"}],"replies":[{"embeddable":true,"href":"https:\/\/visittalsi.com\/de\/wp-json\/wp\/v2\/comments?post=2378"}],"version-history":[{"count":100,"href":"https:\/\/visittalsi.com\/de\/wp-json\/wp\/v2\/pages\/2378\/revisions"}],"predecessor-version":[{"id":110840,"href":"https:\/\/visittalsi.com\/de\/wp-json\/wp\/v2\/pages\/2378\/revisions\/110840"}],"wp:attachment":[{"href":"https:\/\/visittalsi.com\/de\/wp-json\/wp\/v2\/media?parent=2378"}],"curies":[{"name":"wp","href":"https:\/\/api.w.org\/{rel}","templated":true}]}}