{"id":109348,"date":"2025-12-09T10:36:34","date_gmt":"2025-12-09T08:36:34","guid":{"rendered":"https:\/\/visittalsi.com\/sikdatnes\/"},"modified":"2025-12-09T14:19:19","modified_gmt":"2025-12-09T12:19:19","slug":"cookies","status":"publish","type":"page","link":"https:\/\/visittalsi.com\/de\/cookies\/","title":{"rendered":"Cookies"},"content":{"rendered":"\n<p>Auf der Website der Gemeinde Talsi werden Cookies verwendet, um die Benutzererfahrung zu verbessern, die Qualit\u00e4t zu gew\u00e4hrleisten und einen einwandfreien Betrieb der Website sicherzustellen.<\/p>\n\n\n\n<p>Ein Cookie ist eine kleine Textdatei, die beim Besuch der Website an Ihren Computer oder Ihr mobiles Ger\u00e4t gesendet und dort gespeichert wird. Die Website speichert diese Datei auf Ihrem Computer oder Ger\u00e4t, wenn Sie die Seite \u00f6ffnen. Bei jedem weiteren Besuch werden die Cookies an die Ursprungswebsite oder eine Drittanbieter-Website zur\u00fcckgesendet, die das betreffende Cookie erkennt und es der Website erm\u00f6glicht, die vom Benutzer gew\u00e4hlten Einstellungen f\u00fcr zuk\u00fcnftige Besuche zu speichern, sodass diese nicht jedes Mal neu eingegeben werden m\u00fcssen<\/p>\n\n\n\n<p>Weitere Informationen zu Cookies finden Sie auf&nbsp;<a href=\"https:\/\/www.aboutcookies.org\/\">https:\/\/www.aboutcookies.org\/<\/a>. Cookies werden nicht verwendet, um Sie pers\u00f6nlich zu identifizieren.<\/p>\n\n\n\n<p>Auf der Website der Stadt Talsi&nbsp;<a href=\"http:\/\/www.visittalsi.com\/\">www.visittalsi.com<\/a>&nbsp;werden die folgenden Cookies mit den angegebenen Speicherdauern verwendet:<\/p>\n\n\n\n<figure class=\"wp-block-table\"><table class=\"has-fixed-layout\"><tbody><tr><td><strong>Cookie<\/strong><\/td><td><strong>Tool<\/strong><\/td><td><strong>Domain<\/strong><\/td><td><strong>Type<\/strong><\/td><td><strong>Duration<\/strong><\/td><\/tr><tr><td>_ga<\/td><td>Google Analytics<\/td><td>.visittalsi.com<\/td><td>First-Party-Cookie<\/td><td>2 Jahre<\/td><\/tr><tr><td>_ga_xxxx<\/td><td>Google Analytics<\/td><td>.visittalsi.com<\/td><td>First-Party-Cookie<\/td><td>Gilt nur f\u00fcr die aktuelle Sitzung und wird beim Schlie\u00dfen des Browsers gel\u00f6scht<\/td><\/tr><tr><td>wp-wpml_current_langu<\/td><td>N\/a<\/td><td>.visittalsi.com<\/td><td>Website-Cookie<\/td><td>Gilt nur f\u00fcr die aktuelle Sitzung und wird beim Schlie\u00dfen des Browsers gel\u00f6scht<\/td><\/tr><\/tbody><\/table><\/figure>\n\n\n\n<p><em>* &#8211; First-Party-Cookies werden auf der Infrastruktur unserer Website gespeichert. Sie sind an unserem Domainnamen erkennbar.<\/em><\/p>\n\n\n\n<p>Wenn Sie Fragen, Anregungen oder Beschwerden dar\u00fcber haben, wie wir Ihre Cookies verarbeiten und verwenden, kontaktieren Sie uns bitte.<\/p>\n","protected":false},"excerpt":{"rendered":"<p>Auf der Website der Gemeinde Talsi werden Cookies verwendet, um die Benutzererfahrung zu verbessern, die Qualit\u00e4t zu gew\u00e4hrleisten und einen einwandfreien Betrieb der Website sicherzustellen. Ein Cookie ist eine kleine Textdatei, die beim Besuch der Website an Ihren Computer oder Ihr mobiles Ger\u00e4t gesendet und dort gespeichert wird. Die Website speichert diese Datei auf Ihrem [&hellip;]<\/p>\n","protected":false},"author":1,"featured_media":0,"parent":109364,"menu_order":48,"comment_status":"closed","ping_status":"closed","template":"page-nosidebar.php","meta":{"_acf_changed":false,"_relevanssi_hide_post":"","_relevanssi_pin_for_all":"","_relevanssi_pin_keywords":"","_relevanssi_unpin_keywords":"","_relevanssi_related_keywords":"","_relevanssi_related_include_ids":"","_relevanssi_related_exclude_ids":"","_relevanssi_related_no_append":"","_relevanssi_related_not_related":"","_relevanssi_related_posts":"101706,68053,62728,78905,108480,53592,58061,78878","_relevanssi_noindex_reason":"","inline_featured_image":false,"_monsterinsights_skip_tracking":false,"_monsterinsights_sitenote_active":false,"_monsterinsights_sitenote_note":"","_monsterinsights_sitenote_category":0,"_vp_format_video_url":"","_vp_image_focal_point":[],"footnotes":""},"class_list":["post-109348","page","type-page","status-publish","hentry"],"acf":[],"aioseo_notices":[],"_links":{"self":[{"href":"https:\/\/visittalsi.com\/de\/wp-json\/wp\/v2\/pages\/109348","targetHints":{"allow":["GET"]}}],"collection":[{"href":"https:\/\/visittalsi.com\/de\/wp-json\/wp\/v2\/pages"}],"about":[{"href":"https:\/\/visittalsi.com\/de\/wp-json\/wp\/v2\/types\/page"}],"author":[{"embeddable":true,"href":"https:\/\/visittalsi.com\/de\/wp-json\/wp\/v2\/users\/1"}],"replies":[{"embeddable":true,"href":"https:\/\/visittalsi.com\/de\/wp-json\/wp\/v2\/comments?post=109348"}],"version-history":[{"count":5,"href":"https:\/\/visittalsi.com\/de\/wp-json\/wp\/v2\/pages\/109348\/revisions"}],"predecessor-version":[{"id":109389,"href":"https:\/\/visittalsi.com\/de\/wp-json\/wp\/v2\/pages\/109348\/revisions\/109389"}],"up":[{"embeddable":true,"href":"https:\/\/visittalsi.com\/de\/wp-json\/wp\/v2\/pages\/109364"}],"wp:attachment":[{"href":"https:\/\/visittalsi.com\/de\/wp-json\/wp\/v2\/media?parent=109348"}],"curies":[{"name":"wp","href":"https:\/\/api.w.org\/{rel}","templated":true}]}}